{"id":7869,"date":"2020-01-03T10:11:26","date_gmt":"2020-01-03T10:11:26","guid":{"rendered":"https:\/\/umsenauto.eu\/?page_id=7869"},"modified":"2020-01-16T14:44:38","modified_gmt":"2020-01-16T14:44:38","slug":"reseau","status":"publish","type":"page","link":"https:\/\/umsenauto.eu\/fr\/reseau\/","title":{"rendered":"R\u00e9seau"},"content":{"rendered":"<p>[vc_row][vc_column][vc_single_image image=\u00a0\u00bb8008&Prime; img_size=\u00a0\u00bblarge\u00a0\u00bb alignment=\u00a0\u00bbcenter\u00a0\u00bb]<div  class=\"kleo-gap\" style=\"height:20px;line-height:20px;\"><\/div>[vc_custom_heading text=\u00a0\u00bbPar le r\u00e9seau\u00a0\u00bb font_container=\u00a0\u00bbtag:h1|text_align:left\u00a0\u00bb use_theme_fonts=\u00a0\u00bbyes\u00a0\u00bb][vc_column_text font_size=\u00a0\u00bb14px\u00a0\u00bb]<\/p>\n<p><span lang=\"fr-FR\">Au premier plan du r\u00e9seau de recherche se trouve la s\u00e9curit\u00e9<\/span><span lang=\"fr-FR\">: celle du conducteur, du deuxi\u00e8me chauffeur et du passager, celle des autres usagers de la route. Mais aussi la s\u00e9curit\u00e9 du constructeur, car l&rsquo;industrie automobile est confront\u00e9e \u00e0 un changement radical de paradigme. Les v\u00e9hicules sont de plus en plus automatis\u00e9s \u00e0 l&rsquo;aide de capteurs (cam\u00e9ras, ultrasons, radar, etc.). En outre, le nombre de ces syst\u00e8mes d&rsquo;assistance et des capteurs associ\u00e9s est en augmentation, ce qui signifie que le caract\u00e8re de s\u00e9curit\u00e9 est \u00e9galement de plus en plus important. Tout dysfonctionnement peut provoquer un accident mortel. En m\u00eame temps, la responsabilit\u00e9 en cas d&rsquo;accident passe du chauffeur au fabricant. Un aspect important du r\u00e9seau est donc la mise en service effective et la protection de fonction des d\u00e9tecteurs dans le cadre de la production du v\u00e9hicule. Jusqu&rsquo;\u00e0 pr\u00e9sent, il n&rsquo;y avait aucun n\u00e9cessit\u00e9 et par consequent aucune solution commune. Mais, \u00e0 l\u2019avenir doit la production assurer que les systems fonctionnent apr\u00e8s le montage et les visites d\u2019atelier\u00e9ventuelles.<\/span><\/p>\n<p><span lang=\"fr-FR\">A des usagers de la route et conducteurs est si assur\u00e9 utiliser un v\u00e9hicule absolument capable de foctionner, s\u00fbr et inspect\u00e9<\/span><span lang=\"fr-FR\"><b>. <\/b><\/span><span lang=\"fr-FR\">Des entreprises, comme par exemple un fabricant d\u2019automobile, d\u00e9couvrent ainsi de nouveaux moyens s\u00fbrs et comme il peut efficaces d&rsquo;int\u00e9grer la s\u00e9curit\u00e9 fonctionnelle dans le proc\u00e8s de production.<\/span><b> <\/b><\/p>\n<p><span lang=\"fr-FR\">Les fournisseurs automobiles des r\u00e9gions Sarre, Rh\u00e9nanie-Palatinat, Wallonie, Lorraine et Luxembourg sont d&rsquo;une grande importance<\/span><span lang=\"fr-FR\"><b>.<\/b><\/span><span lang=\"fr-FR\"> D&rsquo;une part, ils repr\u00e9sentent le plus grand cluster de fournisseurs en Europe ; d&rsquo;autre part, ils sont responsables d&rsquo;environ 140.000 emplois. Non seulement la comp\u00e9titivit\u00e9 r\u00e9gionale des sous-traitants d\u2019automobile la region Benelux est affermie ainsi par l\u2019internationalit\u00e9 du r\u00e9seau, mais encore l\u2019europ\u00e9ene. Par le transfert de connaissance transfrontalier, des valeurs ajout\u00e9es naissent pour le secteur d\u2019automobile europ\u00e9en total, commence lors du d\u00e9veloppement d\u2019id\u00e9es jusqu\u2019\u00e0 l\u2019industrialisation. De cette mani\u00e8re, les d\u00e9fis du secteur peuvent \u00eatre relev\u00e9s ensemble.<\/span><span style=\"font-size: inherit;\">[\/vc_column_text][\/vc_column][\/vc_row]<\/span><\/p>\n","protected":false},"excerpt":{"rendered":"<p>[vc_row][vc_column][vc_single_image image=\u00a0\u00bb8008&Prime; img_size=\u00a0\u00bblarge\u00a0\u00bb alignment=\u00a0\u00bbcenter\u00a0\u00bb][vc_custom_heading text=\u00a0\u00bbPar le r\u00e9seau\u00a0\u00bb font_container=\u00a0\u00bbtag:h1|text_align:left\u00a0\u00bb use_theme_fonts=\u00a0\u00bbyes\u00a0\u00bb][vc_column_text font_size=\u00a0\u00bb14px\u00a0\u00bb] Au premier plan du r\u00e9seau de recherche se trouve la s\u00e9curit\u00e9: celle du conducteur, du deuxi\u00e8me chauffeur et du passager, celle des autres usagers de la route. Mais aussi la s\u00e9curit\u00e9 du constructeur, car l&rsquo;industrie automobile est confront\u00e9e \u00e0 un changement radical de paradigme. Les v\u00e9hicules sont de plus en [&hellip;]<\/p>\n","protected":false},"author":9,"featured_media":0,"parent":0,"menu_order":0,"comment_status":"closed","ping_status":"closed","template":"page-templates\/full-width.php","meta":{"footnotes":""},"class_list":["post-7869","page","type-page","status-publish","hentry"],"_links":{"self":[{"href":"https:\/\/umsenauto.eu\/fr\/wp-json\/wp\/v2\/pages\/7869","targetHints":{"allow":["GET"]}}],"collection":[{"href":"https:\/\/umsenauto.eu\/fr\/wp-json\/wp\/v2\/pages"}],"about":[{"href":"https:\/\/umsenauto.eu\/fr\/wp-json\/wp\/v2\/types\/page"}],"author":[{"embeddable":true,"href":"https:\/\/umsenauto.eu\/fr\/wp-json\/wp\/v2\/users\/9"}],"replies":[{"embeddable":true,"href":"https:\/\/umsenauto.eu\/fr\/wp-json\/wp\/v2\/comments?post=7869"}],"version-history":[{"count":3,"href":"https:\/\/umsenauto.eu\/fr\/wp-json\/wp\/v2\/pages\/7869\/revisions"}],"predecessor-version":[{"id":8134,"href":"https:\/\/umsenauto.eu\/fr\/wp-json\/wp\/v2\/pages\/7869\/revisions\/8134"}],"wp:attachment":[{"href":"https:\/\/umsenauto.eu\/fr\/wp-json\/wp\/v2\/media?parent=7869"}],"curies":[{"name":"wp","href":"https:\/\/api.w.org\/{rel}","templated":true}]}}