{"id":7991,"date":"2020-01-08T14:29:44","date_gmt":"2020-01-08T14:29:44","guid":{"rendered":"https:\/\/umsenauto.eu\/?page_id=7991"},"modified":"2020-06-15T13:56:18","modified_gmt":"2020-06-15T13:56:18","slug":"umsenauto","status":"publish","type":"page","link":"https:\/\/umsenauto.eu\/fr\/","title":{"rendered":"Page d&rsquo;accueil"},"content":{"rendered":"<p>[vc_row el_id=\u00a0\u00bbfirst-section\u00a0\u00bb inner_container=\u00a0\u00bbno\u00a0\u00bb type=\u00a0\u00bbimage\u00a0\u00bb enable_parallax=\u00a0\u00bbfalse\u00a0\u00bb parallax_speed=\u00a0\u00bb0.4&Prime; padding_top=\u00a0\u00bb0&Prime; padding_bottom=\u00a0\u00bb0&Prime; min_height=\u00a0\u00bb800px\u00a0\u00bb fixed_height=\u00a0\u00bb\u00a0\u00bb bg_image=\u00a0\u00bb8303&Prime;][vc_column][vc_row_inner inner_container=\u00a0\u00bbyes\u00a0\u00bb min_height=\u00a0\u00bb500px\u00a0\u00bb bg_pos_h=\u00a0\u00bbcenter\u00a0\u00bb bg_pos_v=\u00a0\u00bbtop\u00a0\u00bb css=\u00a0\u00bb.vc_custom_1580115373871{background-image: url(https:\/\/umsenauto.eu\/wp-content\/uploads\/2016\/01\/first_section_white_triangle.png?id=7829) !important;background-position: 0 0 !important;background-repeat: no-repeat !important;}\u00a0\u00bb el_id=\u00a0\u00bbwhite-triangle\u00a0\u00bb][vc_column_inner offset=\u00a0\u00bbvc_col-lg-8 vc_col-md-8 vc_col-xs-12&Prime;]<div  class=\"kleo-gap visible-xs\" style=\"height:80px;line-height:80px;\"><\/div><div  class=\"kleo-gap visible-sm visible-md visible-lg visible-xlg\" style=\"height:150px;line-height:150px;\"><\/div>[vc_custom_heading text=\u00a0\u00bbPar le r\u00e9seau:\u00a0\u00bb font_container=\u00a0\u00bbtag:h1|font_size:60px|text_align:left|color:%23707070|line_height:66px\u00a0\u00bb google_fonts=\u00a0\u00bbfont_family:Montserrat%3Aregular%2C700|font_style:700%20bold%20regular%3A700%3Anormal\u00a0\u00bb][vc_column_text text_color=\u00a0\u00bb#ffffff\u00a0\u00bb font_size=\u00a0\u00bb20px\u00a0\u00bb line_height=\u00a0\u00bb30px\u00a0\u00bb vertical_separator=\u00a0\u00bbyes\u00a0\u00bb letter_spacing=\u00a0\u00bb75&Prime; animation=\u00a0\u00bbanimate-when-visible\u00a0\u00bb letter-spacing=\u00a0\u00bb75&Prime;]L&rsquo;industrie automobile europ\u00e9enne est au milieu du bouleversement et pose des d\u00e9fis majeurs aux \u00e9quipementiers automobiles: Les v\u00e9hicules automatis\u00e9s et leurs composants prennent de plus en plus d&rsquo;importance et les exigences en mati\u00e8re de s\u00e9curit\u00e9 sont de plus en plus \u00e9lev\u00e9es. Les participants internationaux issus des PME, de l&rsquo;industrie et de la recherche poursuivent donc un objectif commun au sein du r\u00e9seau commun de recherche UmSenAuto: d\u00e9velopper les solutions innovatrices et les id\u00e9es pour la mise en service effective et protection des d\u00e9cteurs d\u2019environnement des v\u00e9hicules autonomes dans la production. De cette mani\u00e8re, les d\u00e9fis de secteur d\u2018automobile europ\u00e9enne peuvent \u00eatre concern\u00e9s.[\/vc_column_text][vc_column_text text_color=\u00a0\u00bb#ffffff\u00a0\u00bb font_size=\u00a0\u00bb13px\u00a0\u00bb]<\/p>\n<p style=\"text-align: center;\">Faites d\u00e9filer vers le bas<br \/>\npour d\u00e9couvrir nos services[\/vc_column_text][\/vc_column_inner][vc_column_inner offset=\u00a0\u00bbvc_col-lg-4 vc_col-md-4 vc_col-xs-12&Prime;]<div  class=\"kleo-gap hidden-xs visible-sm visible-md visible-lg visible-xlg\" style=\"height:80px;line-height:80px;\"><\/div>[vc_single_image image=\u00a0\u00bb8316&Prime; img_size=\u00a0\u00bb338&#215;408&Prime; alignment=\u00a0\u00bbcenter\u00a0\u00bb][\/vc_column_inner][vc_column_inner]<div  class=\"kleo-gap\" style=\"height:20px;line-height:20px;\"><\/div>[\/vc_column_inner][\/vc_row_inner][\/vc_column][\/vc_row][vc_row el_id=\u00a0\u00bbservices\u00a0\u00bb inner_container=\u00a0\u00bbno\u00a0\u00bb type=\u00a0\u00bbimage\u00a0\u00bb bg_color=\u00a0\u00bb#564656&Prime; bg_position=\u00a0\u00bbbottom\u00a0\u00bb bg_position_horizontal=\u00a0\u00bbcenter\u00a0\u00bb padding_top=\u00a0\u00bb\u00a0\u00bb padding_bottom=\u00a0\u00bb\u00a0\u00bb bg_image=\u00a0\u00bb7809&Prime;][vc_column]<div class=\"magic-container\" style=\"margin-left: -1280px !important;background-image: url(https:\/\/umsenauto.eu\/wp-content\/uploads\/2016\/01\/pink_triangle.png?id=7832) !important;background-position: 0 0 !important;background-repeat: no-repeat !important;position: absolute;min-height:521px;width:2560px;left:50%\"><div class=\"magic-inner sq-full-width\"><\/div><\/div><div class=\"magic-container flexbox-container flexbox-center text-center\" style=\"margin-left: -18px !important;background-color: #ff5e5e !important;position: absolute;min-height:50px;width:36px;top:-25px;left:50%;border-radius:20px;box-shadow: 0px 6px 18px 0px rgba(85,69,85,0.4)\"><div class=\"magic-inner sq-full-width\"><a class=\"kleo-icon-anchor kleo-scroll-to\" href=\"#services\" target=\"_self\"><i class=\"icon-down-dir icon-2x\"style=\"color: #ffffff\"><\/i><\/a><\/div><\/div>[vc_row_inner inner_container=\u00a0\u00bbyes\u00a0\u00bb css=\u00a0\u00bb.vc_custom_1448295547307{padding-top: 124px !important;}\u00a0\u00bb][vc_column_inner][vc_custom_heading text=\u00a0\u00bbUmSenAuto en vue globale\u00a0\u00bb font_container=\u00a0\u00bbtag:h3|font_size:60px|text_align:left|color:%23342938|line_height:66px\u00a0\u00bb google_fonts=\u00a0\u00bbfont_family:Montserrat%3Aregular%2C700|font_style:700%20bold%20regular%3A700%3Anormal\u00a0\u00bb]<div  class=\"kleo-gap\" style=\"height:25px;line-height:25px;\"><\/div>[\/vc_column_inner][\/vc_row_inner][vc_row_inner inner_container=\u00a0\u00bbyes\u00a0\u00bb el_class=\u00a0\u00bbrow-no-gap\u00a0\u00bb css=\u00a0\u00bb.vc_custom_1454070037846{padding-bottom: 30px !important;}\u00a0\u00bb][vc_column_inner width=\u00a0\u00bb1\/2&Prime; offset=\u00a0\u00bbvc_col-lg-6 vc_col-md-6 vc_col-xs-12&Prime;][vc_column_text text_color=\u00a0\u00bb#ffffff\u00a0\u00bb font_size=\u00a0\u00bb20px\u00a0\u00bb vertical_separator=\u00a0\u00bbyes\u00a0\u00bb letter_spacing=\u00a0\u00bb75&Prime; animation=\u00a0\u00bbanimate-when-almost-visible\u00a0\u00bb css_animation=\u00a0\u00bbtop-to-bottom\u00a0\u00bb el_class=\u00a0\u00bbtextmainpage\u00a0\u00bb css=\u00a0\u00bb.vc_custom_1580301377303{padding-top: 10px !important;padding-bottom: 30px !important;}\u00a0\u00bb]UmSenAuto est financ\u00e9 par le <a href=\"https:\/\/www.bmwi.de\/Navigation\/FR\/Home\/home.html\">Minist\u00e8re f\u00e9d\u00e9ral de l&rsquo;\u00e9conomie<\/a> (Allemagne) dans le cadre du Programme central d&rsquo;innovation pour les PME.[\/vc_column_text][vc_column_text text_color=\u00a0\u00bb#ffffff\u00a0\u00bb font_size=\u00a0\u00bb20px\u00a0\u00bb vertical_separator=\u00a0\u00bbyes\u00a0\u00bb letter_spacing=\u00a0\u00bb75&Prime; animation=\u00a0\u00bbanimate-when-almost-visible\u00a0\u00bb css_animation=\u00a0\u00bbtop-to-bottom\u00a0\u00bb el_class=\u00a0\u00bbtextmainpage\u00a0\u00bb css=\u00a0\u00bb.vc_custom_1580301385983{padding-top: 10px !important;padding-bottom: 30px !important;}\u00a0\u00bb]L&rsquo;objectif du r\u00e9seau de recherche a le d\u00e9veloppement des solutions innovatrices pour la mise en service effective et protection des d\u00e9cteurs\u00a0 d&rsquo;environnement des v\u00e9hicules autonomes dans la production.[\/vc_column_text][vc_column_text text_color=\u00a0\u00bb#ffffff\u00a0\u00bb font_size=\u00a0\u00bb20px\u00a0\u00bb vertical_separator=\u00a0\u00bbyes\u00a0\u00bb letter_spacing=\u00a0\u00bb75&Prime; animation=\u00a0\u00bbanimate-when-almost-visible\u00a0\u00bb css_animation=\u00a0\u00bbtop-to-bottom\u00a0\u00bb el_class=\u00a0\u00bbtextmainpage\u00a0\u00bb css=\u00a0\u00bb.vc_custom_1580301397864{padding-top: 10px !important;padding-bottom: 30px !important;}\u00a0\u00bb]Comme le r\u00e9seau international, UmSenAuto unit les comp\u00e9tences et le savoir-faire de partenaires renomm\u00e9s des PME, la recherche, l&rsquo;industrie et des associations de la Grande R\u00e9gion.[\/vc_column_text][\/vc_column_inner][vc_column_inner width=\u00a0\u00bb1\/2&Prime;]<div  class=\"kleo-gap\" style=\"height:80px;line-height:80px;\"><\/div>[vc_cta h2=\u00a0\u00bbVous \u00eates invit\u00e9s \u00e0 devenir un partenaire du r\u00e9seau!\u00a0\u00bb shape=\u00a0\u00bbsquare\u00a0\u00bb color=\u00a0\u00bbwhite\u00a0\u00bb el_width=\u00a0\u00bbmd\u00a0\u00bb add_button=\u00a0\u00bbbottom\u00a0\u00bb btn_title=\u00a0\u00bbContactez-nous!\u00a0\u00bb btn_shape=\u00a0\u00bbsquare\u00a0\u00bb css=\u00a0\u00bb.vc_custom_1580301432168{background-color: rgba(0,0,0,0.01) !important;*background-color: rgb(0,0,0) !important;}\u00a0\u00bb btn_link=\u00a0\u00bburl:https%3A%2F%2Fumsenauto.eu%2Ffr%2Fcontact%2F|title:Contact|target:%20_blank|\u00a0\u00bb][\/vc_cta][\/vc_column_inner][\/vc_row_inner][\/vc_column][\/vc_row][vc_row][vc_column][vc_images_carousel images=\u00a0\u00bb8432,8408,8420,8396,8411,8402,8405,8423,8537,8399,8429,8438,8417,8414,8393,8426,8435&Prime; img_size=\u00a0\u00bbfull\u00a0\u00bb onclick=\u00a0\u00bbcustom_link\u00a0\u00bb custom_links_target=\u00a0\u00bb_blank\u00a0\u00bb speed=\u00a0\u00bb2000&Prime; autoplay=\u00a0\u00bbyes\u00a0\u00bb max_items=\u00a0\u00bb5&Prime; items_width=\u00a0\u00bb250px\u00a0\u00bb custom_links=\u00a0\u00bb#E-8_aHR0cHMlM0ElMkYlMkZ3d3cuay1sZW5zLmRlJTJGJTJDaHR0cHMlM0ElMkYlMkZ3d3cuYXV0b3JlZ2lvbi5ldSUyRiUyQ2h0dHAlM0ElMkYlMkZkdmMtY28uY29tJTJGJTJDaHR0cHMlM0ElMkYlMkZ3d3cucmVzYS5kZSUyRiUyQ2h0dHBzJTNBJTJGJTJGd3d3LmNkZXVtLmRlJTJGJTJDaHR0cHMlM0ElMkYlMkZ3d3cudmlyZWx1eC5jb20lMkYlMkNodHRwcyUzQSUyRiUyRnd3dy56ZW1hLmRlJTJGJTJDaHR0cCUzQSUyRiUyRnd3dy5mbGV4c3RydWN0dXJlcy5kZSUyRiUyQ2h0dHBzJTNBJTJGJTJGd3d3Lmh0d3NhYXIuZGUlMkZodHclMkZpbmd3aSUyRnN0dWRpdW0lMkZzdHVkaWVuYW5nZWJvdCUyRmZhaHJ6ZXVndGVjaG5payUyQ2h0dHBzJTNBJTJGJTJGd3d3LnR1di5jb20lMkZnZXJtYW55JTJGZGUlMkYlMkNodHRwcyUzQSUyRiUyRnd3dy5rZnotc2Fhci5kZSUyRiUyQ2h0dHBzJTNBJTJGJTJGd3d3Lmx1eGlubm92YXRpb24ubHUlMkYlMkNodHRwcyUzQSUyRiUyRnd3dy5kZmtpLmRlJTJGd2ViJTJGJTJDaHR0cHMlM0ElMkYlMkZ3d3cuZGFpbWxlci5jb20lMkZkZSUyRiUyQ2h0dHBzJTNBJTJGJTJGd3d3LnBwLWVuZ2luZWVyaW5nLmV1JTJGJTJDaHR0cHMlM0ElMkYlMkZmd20tbGViYWNoLmRlJTJGJTJDaHR0cHMlM0ElMkYlMkZ3d3cuZG9ydWNvbi5kZSUyRg==\u00a0\u00bb][\/vc_column][\/vc_row]<\/p>\n","protected":false},"excerpt":{"rendered":"<p>[vc_row el_id=\u00a0\u00bbfirst-section\u00a0\u00bb inner_container=\u00a0\u00bbno\u00a0\u00bb type=\u00a0\u00bbimage\u00a0\u00bb enable_parallax=\u00a0\u00bbfalse\u00a0\u00bb parallax_speed=\u00a0\u00bb0.4&Prime; padding_top=\u00a0\u00bb0&Prime; padding_bottom=\u00a0\u00bb0&Prime; min_height=\u00a0\u00bb800px\u00a0\u00bb fixed_height=\u00a0\u00bb\u00a0\u00bb bg_image=\u00a0\u00bb8303&Prime;][vc_column][vc_row_inner inner_container=\u00a0\u00bbyes\u00a0\u00bb min_height=\u00a0\u00bb500px\u00a0\u00bb bg_pos_h=\u00a0\u00bbcenter\u00a0\u00bb bg_pos_v=\u00a0\u00bbtop\u00a0\u00bb css=\u00a0\u00bb.vc_custom_1580115373871{background-image: url(https:\/\/umsenauto.eu\/wp-content\/uploads\/2016\/01\/first_section_white_triangle.png?id=7829) !important;background-position: 0 0 !important;background-repeat: no-repeat !important;}\u00a0\u00bb el_id=\u00a0\u00bbwhite-triangle\u00a0\u00bb][vc_column_inner offset=\u00a0\u00bbvc_col-lg-8 vc_col-md-8 vc_col-xs-12&Prime;][vc_custom_heading text=\u00a0\u00bbPar le r\u00e9seau:\u00a0\u00bb font_container=\u00a0\u00bbtag:h1|font_size:60px|text_align:left|color:%23707070|line_height:66px\u00a0\u00bb google_fonts=\u00a0\u00bbfont_family:Montserrat%3Aregular%2C700|font_style:700%20bold%20regular%3A700%3Anormal\u00a0\u00bb][vc_column_text text_color=\u00a0\u00bb#ffffff\u00a0\u00bb font_size=\u00a0\u00bb20px\u00a0\u00bb line_height=\u00a0\u00bb30px\u00a0\u00bb vertical_separator=\u00a0\u00bbyes\u00a0\u00bb letter_spacing=\u00a0\u00bb75&Prime; animation=\u00a0\u00bbanimate-when-visible\u00a0\u00bb letter-spacing=\u00a0\u00bb75&Prime;]L&rsquo;industrie automobile europ\u00e9enne est au milieu du bouleversement et pose des d\u00e9fis majeurs aux \u00e9quipementiers automobiles: Les v\u00e9hicules automatis\u00e9s et leurs composants [&hellip;]<\/p>\n","protected":false},"author":1,"featured_media":0,"parent":0,"menu_order":0,"comment_status":"closed","ping_status":"closed","template":"page-templates\/full-width.php","meta":{"footnotes":""},"class_list":["post-7991","page","type-page","status-publish","hentry"],"_links":{"self":[{"href":"https:\/\/umsenauto.eu\/fr\/wp-json\/wp\/v2\/pages\/7991","targetHints":{"allow":["GET"]}}],"collection":[{"href":"https:\/\/umsenauto.eu\/fr\/wp-json\/wp\/v2\/pages"}],"about":[{"href":"https:\/\/umsenauto.eu\/fr\/wp-json\/wp\/v2\/types\/page"}],"author":[{"embeddable":true,"href":"https:\/\/umsenauto.eu\/fr\/wp-json\/wp\/v2\/users\/1"}],"replies":[{"embeddable":true,"href":"https:\/\/umsenauto.eu\/fr\/wp-json\/wp\/v2\/comments?post=7991"}],"version-history":[{"count":23,"href":"https:\/\/umsenauto.eu\/fr\/wp-json\/wp\/v2\/pages\/7991\/revisions"}],"predecessor-version":[{"id":8669,"href":"https:\/\/umsenauto.eu\/fr\/wp-json\/wp\/v2\/pages\/7991\/revisions\/8669"}],"wp:attachment":[{"href":"https:\/\/umsenauto.eu\/fr\/wp-json\/wp\/v2\/media?parent=7991"}],"curies":[{"name":"wp","href":"https:\/\/api.w.org\/{rel}","templated":true}]}}