{"id":8189,"date":"2020-01-22T08:13:48","date_gmt":"2020-01-22T08:13:48","guid":{"rendered":"https:\/\/umsenauto.eu\/?page_id=8189"},"modified":"2020-01-24T10:18:16","modified_gmt":"2020-01-24T10:18:16","slug":"contact","status":"publish","type":"page","link":"https:\/\/umsenauto.eu\/fr\/contact\/","title":{"rendered":"CONTACT"},"content":{"rendered":"\n<p>UmSenAuto a suscit\u00e9 votre int\u00e9r\u00eat ? Vous voudrez rejoindre le r\u00e9seau ? <\/p>\n\n\n\n<p>N&rsquo;h\u00e9sitez pas \u00e0 nous contacter si vous avez des questions concernant le r\u00e9seau ou l&rsquo;adh\u00e9sion ! <\/p>\n\n\n\n<p>La gestion du r\u00e9seau :<\/p>\n\n\n\n<p>DORUCON \u2013 DR. RUPP CONSULTING GmbH<\/p>\n\n\n\n<p>Dr. Marco Nesarajah<\/p>\n\n\n\n<p>T: +49 681 976898-10<\/p>\n\n\n\n<p>M: <a href=\"mailto:info@dorucon.de\">info@dorucon.de<\/a><\/p>\n\n\n\n<h2 class=\"wp-block-heading\">Contactez-nous!<\/h2>\n\n\n\n\n<div class=\"wpcf7 no-js\" id=\"wpcf7-f8214-o1\" lang=\"de-DE\" dir=\"ltr\">\n<div class=\"screen-reader-response\"><p role=\"status\" aria-live=\"polite\" aria-atomic=\"true\"><\/p> <ul><\/ul><\/div>\n<form action=\"\/fr\/wp-json\/wp\/v2\/pages\/8189#wpcf7-f8214-o1\" method=\"post\" class=\"wpcf7-form init\" aria-label=\"Kontaktformular\" novalidate=\"novalidate\" data-status=\"init\">\n<div style=\"display: none;\">\n<input type=\"hidden\" name=\"_wpcf7\" value=\"8214\" \/>\n<input type=\"hidden\" name=\"_wpcf7_version\" value=\"5.9.8\" \/>\n<input type=\"hidden\" name=\"_wpcf7_locale\" value=\"de_DE\" \/>\n<input type=\"hidden\" name=\"_wpcf7_unit_tag\" value=\"wpcf7-f8214-o1\" \/>\n<input type=\"hidden\" name=\"_wpcf7_container_post\" value=\"0\" \/>\n<input type=\"hidden\" name=\"_wpcf7_posted_data_hash\" value=\"\" \/>\n<\/div>\n<p><label> Votre nom (champ obligatoire)<br \/>\n<span class=\"wpcf7-form-control-wrap\" data-name=\"your-name\"><input size=\"40\" maxlength=\"400\" class=\"wpcf7-form-control wpcf7-text wpcf7-validates-as-required\" aria-required=\"true\" aria-invalid=\"false\" value=\"\" type=\"text\" name=\"your-name\" \/><\/span> <\/label>\n<\/p>\n<p><label> Votre email (champ obligatoire)<br \/>\n<span class=\"wpcf7-form-control-wrap\" data-name=\"your-email\"><input size=\"40\" maxlength=\"400\" class=\"wpcf7-form-control wpcf7-email wpcf7-validates-as-required wpcf7-text wpcf7-validates-as-email\" aria-required=\"true\" aria-invalid=\"false\" value=\"\" type=\"email\" name=\"your-email\" \/><\/span> <\/label>\n<\/p>\n<p><label> Sujet<br \/>\n<span class=\"wpcf7-form-control-wrap\" data-name=\"your-subject\"><input size=\"40\" maxlength=\"400\" class=\"wpcf7-form-control wpcf7-text\" aria-invalid=\"false\" value=\"\" type=\"text\" name=\"your-subject\" \/><\/span> <\/label>\n<\/p>\n<p><label> Message<br \/>\n<span class=\"wpcf7-form-control-wrap\" data-name=\"your-message\"><textarea cols=\"40\" rows=\"10\" maxlength=\"2000\" class=\"wpcf7-form-control wpcf7-textarea\" aria-invalid=\"false\" name=\"your-message\"><\/textarea><\/span> <\/label>\n<\/p>\n<p><input class=\"wpcf7-form-control wpcf7-submit has-spinner\" type=\"submit\" value=\"Envoyer\" \/>\n<\/p><div class=\"wpcf7-response-output\" aria-hidden=\"true\"><\/div>\n<\/form>\n<\/div>\n\n","protected":false},"excerpt":{"rendered":"<p>UmSenAuto a suscit\u00e9 votre int\u00e9r\u00eat ? Vous voudrez rejoindre le r\u00e9seau ? N&rsquo;h\u00e9sitez pas \u00e0 nous contacter si vous avez des questions concernant le r\u00e9seau ou l&rsquo;adh\u00e9sion ! La gestion du r\u00e9seau : DORUCON \u2013 DR. RUPP CONSULTING GmbH Dr. Marco Nesarajah T: +49 681 976898-10 M: info@dorucon.de Contactez-nous!<\/p>\n","protected":false},"author":9,"featured_media":0,"parent":0,"menu_order":0,"comment_status":"closed","ping_status":"closed","template":"","meta":{"footnotes":""},"class_list":["post-8189","page","type-page","status-publish","hentry"],"_links":{"self":[{"href":"https:\/\/umsenauto.eu\/fr\/wp-json\/wp\/v2\/pages\/8189","targetHints":{"allow":["GET"]}}],"collection":[{"href":"https:\/\/umsenauto.eu\/fr\/wp-json\/wp\/v2\/pages"}],"about":[{"href":"https:\/\/umsenauto.eu\/fr\/wp-json\/wp\/v2\/types\/page"}],"author":[{"embeddable":true,"href":"https:\/\/umsenauto.eu\/fr\/wp-json\/wp\/v2\/users\/9"}],"replies":[{"embeddable":true,"href":"https:\/\/umsenauto.eu\/fr\/wp-json\/wp\/v2\/comments?post=8189"}],"version-history":[{"count":10,"href":"https:\/\/umsenauto.eu\/fr\/wp-json\/wp\/v2\/pages\/8189\/revisions"}],"predecessor-version":[{"id":8257,"href":"https:\/\/umsenauto.eu\/fr\/wp-json\/wp\/v2\/pages\/8189\/revisions\/8257"}],"wp:attachment":[{"href":"https:\/\/umsenauto.eu\/fr\/wp-json\/wp\/v2\/media?parent=8189"}],"curies":[{"name":"wp","href":"https:\/\/api.w.org\/{rel}","templated":true}]}}