{"id":8232,"date":"2020-01-22T08:52:37","date_gmt":"2020-01-22T08:52:37","guid":{"rendered":"https:\/\/umsenauto.eu\/mentions-legales\/"},"modified":"2020-01-27T14:10:04","modified_gmt":"2020-01-27T14:10:04","slug":"mentions-legales","status":"publish","type":"page","link":"https:\/\/umsenauto.eu\/fr\/mentions-legales\/","title":{"rendered":"Mentions l\u00e9gales"},"content":{"rendered":"<p>[vc_row][vc_column][vc_column_text]<\/p>\n<h1>Exploitant du site au sens de l&rsquo;article 5 TMG<\/h1>\n<p>DORUCON &#8211; DR. RUPP CONSULTING GmbH<\/p>\n<p>Rue Saargem\u00fcnder 39<\/p>\n<p>66119 Saarbr\u00fccken<\/p>\n<p>e-mail : info@dorucon.de<\/p>\n<p><a href=\"https:\/\/www.dorucon.de\/\">www.dorucon.de<\/a><\/p>\n<p>T\u00e9l\u00e9phone : +49 68197689810<\/p>\n<p>fax : +49 32 221739475<\/p>\n<h2>Registre du commerce<\/h2>\n<p>Tribunal d&rsquo;enregistrement : Tribunal d&rsquo;instance de Sarrebruck<\/p>\n<p>Num\u00e9ro d&rsquo;enregistrement : HRB 103148<\/p>\n<h2>Directeur g\u00e9n\u00e9ral<\/h2>\n<p>Dr. J\u00f6rg Rupp, Gerhard Rupp<\/p>\n<h2>Num\u00e9ro d&rsquo;identification de la taxe sur les ventes conform\u00e9ment \u00e0 l&rsquo;article 27 de la loi sur la taxe sur les ventes<\/h2>\n<p>DE 305863860<\/p>\n<h2>Responsable du contenu selon le \u00a7 55 Abs. 2 RStV<\/h2>\n<p>Dr. J\u00f6rg Rupp<\/p>\n<p>(adresse comme ci-dessus)<\/p>\n<h2>Donn\u00e9es pour le conseil (activit\u00e9 g\u00e9n\u00e9rale de conseil)<\/h2>\n<p>Assurance responsabilit\u00e9 professionnelle<\/p>\n<p>Groupe ERGO AG<\/p>\n<p>Place Victoria 2<\/p>\n<p>40198 D\u00fcsseldorf<\/p>\n<p>Champ d&rsquo;application territorial : dans le monde entier, sauf aux \u00c9tats-Unis et au Canada<\/p>\n<h2>Informations sur le r\u00e8glement des litiges en ligne<\/h2>\n<p>La Commission europ\u00e9enne offre une plateforme de r\u00e8glement des litiges en ligne (OS).<\/p>\n<p>Cette plate-forme est accessible \u00e0 partir du lien suivant : https:\/\/ec.europa.eu\/consumers\/odr\/.<\/p>\n<p>Les consommateurs peuvent utiliser cette plateforme pour r\u00e9gler leurs litiges r\u00e9sultant de contrats en ligne.<\/p>\n<h2>Avis selon le \u00a7 36 VSBG<\/h2>\n<p>Nous ne participerons pas aux proc\u00e9dures alternatives de r\u00e9solution des litiges au sens de l&rsquo;article 36 de la VSBG. L&rsquo;utilisation d&rsquo;un service de r\u00e8glement alternatif des litiges ne constitue pas une condition obligatoire pour faire appel aux tribunaux ordinaires comp\u00e9tents.<\/p>\n<h2>Droits d&rsquo;auteur et cr\u00e9dits photographiques<\/h2>\n<p>Le contenu de www.dorucon.de est &#8211; sauf indication contraire &#8211; prot\u00e9g\u00e9 par le droit d&rsquo;auteur.<\/p>\n<p>Les photographies utilis\u00e9es sont accompagn\u00e9es de cr\u00e9dits photographiques, le cas \u00e9ch\u00e9ant, ou sont \u00e9num\u00e9r\u00e9es ci-dessous, sauf si elles ont \u00e9t\u00e9 prises par le photographe lui-m\u00eame.<\/p>\n<p>L&rsquo;utilisation de photographies sur des sites tiers n&rsquo;est possible que dans le cadre de la licence respective du titulaire du droit d&rsquo;auteur.[\/vc_column_text][\/vc_column][\/vc_row]<\/p>\n","protected":false},"excerpt":{"rendered":"<p>[vc_row][vc_column][vc_column_text] Exploitant du site au sens de l&rsquo;article 5 TMG DORUCON &#8211; DR. RUPP CONSULTING GmbH Rue Saargem\u00fcnder 39 66119 Saarbr\u00fccken e-mail : info@dorucon.de www.dorucon.de T\u00e9l\u00e9phone : +49 68197689810 fax : +49 32 221739475 Registre du commerce Tribunal d&rsquo;enregistrement : Tribunal d&rsquo;instance de Sarrebruck Num\u00e9ro d&rsquo;enregistrement : HRB 103148 Directeur g\u00e9n\u00e9ral Dr. J\u00f6rg Rupp, Gerhard Rupp Num\u00e9ro d&rsquo;identification de la [&hellip;]<\/p>\n","protected":false},"author":9,"featured_media":0,"parent":0,"menu_order":0,"comment_status":"closed","ping_status":"closed","template":"page-templates\/full-width.php","meta":{"footnotes":""},"class_list":["post-8232","page","type-page","status-publish","hentry"],"_links":{"self":[{"href":"https:\/\/umsenauto.eu\/fr\/wp-json\/wp\/v2\/pages\/8232","targetHints":{"allow":["GET"]}}],"collection":[{"href":"https:\/\/umsenauto.eu\/fr\/wp-json\/wp\/v2\/pages"}],"about":[{"href":"https:\/\/umsenauto.eu\/fr\/wp-json\/wp\/v2\/types\/page"}],"author":[{"embeddable":true,"href":"https:\/\/umsenauto.eu\/fr\/wp-json\/wp\/v2\/users\/9"}],"replies":[{"embeddable":true,"href":"https:\/\/umsenauto.eu\/fr\/wp-json\/wp\/v2\/comments?post=8232"}],"version-history":[{"count":2,"href":"https:\/\/umsenauto.eu\/fr\/wp-json\/wp\/v2\/pages\/8232\/revisions"}],"predecessor-version":[{"id":8331,"href":"https:\/\/umsenauto.eu\/fr\/wp-json\/wp\/v2\/pages\/8232\/revisions\/8331"}],"wp:attachment":[{"href":"https:\/\/umsenauto.eu\/fr\/wp-json\/wp\/v2\/media?parent=8232"}],"curies":[{"name":"wp","href":"https:\/\/api.w.org\/{rel}","templated":true}]}}